{"id":2869,"date":"2020-01-23T18:21:52","date_gmt":"2020-01-23T18:21:52","guid":{"rendered":"https:\/\/test.eye-checkup.com\/about-us\/"},"modified":"2023-08-16T12:06:39","modified_gmt":"2023-08-16T12:06:39","slug":"hakkimizda","status":"publish","type":"page","link":"https:\/\/www.eye-checkup.com\/tr\/hakkimizda\/","title":{"rendered":"Hakk\u0131m\u0131zda"},"content":{"rendered":"\n<div class=\"wp-block-cover alignfull\" style=\"min-height:118px;aspect-ratio:unset;\"><span aria-hidden=\"true\" class=\"wp-block-cover__background has-ast-global-color-2-background-color has-background-dim-100 has-background-dim\"><\/span><div class=\"wp-block-cover__inner-container is-layout-flow wp-block-cover-is-layout-flow\">\n<div class=\"inherit-container-width wp-block-group is-layout-constrained wp-block-group-is-layout-constrained\">\n<h2 class=\"wp-block-heading alignfull has-text-align-center has-text-align-left has-neve-text-color-color has-text-color\">Beklentilerinizi a\u015fmay\u0131 d\u00f6rt g\u00f6zle bekliyoruz.<\/h2>\n<\/div>\n<\/div><\/div>\n\n\n\n<div class=\"wp-block-cover alignfull\" style=\"min-height:600px;aspect-ratio:unset;\"><span aria-hidden=\"true\" class=\"wp-block-cover__background has-ast-global-color-2-background-color has-background-dim-100 has-background-dim\"><\/span><div class=\"wp-block-cover__inner-container is-layout-flow wp-block-cover-is-layout-flow\">\n<div class=\"inherit-container-width wp-block-group is-layout-constrained wp-block-group-is-layout-constrained\">\n<figure class=\"wp-block-embed is-type-rich is-provider-embed-handler wp-block-embed-embed-handler wp-embed-aspect-16-9 wp-has-aspect-ratio\"><div class=\"wp-block-embed__wrapper\">\n<div class=\"ast-oembed-container\" style=\"height: 100%;\"><iframe loading=\"lazy\" title=\"EyeCheckup - Yapay Zeka Destekli Retina hastal\u0131klar\u0131 Tarama Sistemi.\" width=\"500\" height=\"281\" src=\"https:\/\/www.youtube.com\/embed\/pZ1pBWuKaI4?feature=oembed\" frameborder=\"0\" allow=\"accelerometer; autoplay; clipboard-write; encrypted-media; gyroscope; picture-in-picture; web-share\" referrerpolicy=\"strict-origin-when-cross-origin\" allowfullscreen><\/iframe><\/div>\n<\/div><\/figure>\n\n\n\n<div style=\"height:70px\" aria-hidden=\"true\" class=\"wp-block-spacer\"><\/div>\n\n\n\n<div class=\"wp-block-columns are-vertically-aligned-center is-layout-flex wp-container-core-columns-is-layout-28f84493 wp-block-columns-is-layout-flex\">\n<div class=\"wp-block-column is-vertically-aligned-center is-layout-flow wp-block-column-is-layout-flow\" style=\"flex-basis:50%\">\n<h2 class=\"wp-block-heading has-ast-global-color-8-color has-text-color\">Neden Eyecheckup<\/h2>\n\n\n\n<p class=\"has-ast-global-color-4-color has-text-color\">EyeCheckup, retinal g\u00f6z hastal\u0131klar\u0131n\u0131 h\u0131zl\u0131 bir \u015fekilde taramak i\u00e7in fundusun dijital renkli foto\u011fraflar\u0131n\u0131 analiz etmek i\u00e7in tasarlanm\u0131\u015f yapay zeka tabanl\u0131 otomatik bir te\u015fhis yaz\u0131l\u0131m\u0131d\u0131r. EyeCheckup, hastalar\u0131n fundus g\u00f6r\u00fcnt\u00fclerinden g\u00f6zde herhangi bir anomali olup olmad\u0131\u011f\u0131n\u0131 tespit etmek ve bu t\u00fcr hastalar\u0131 bir g\u00f6z doktoruna y\u00f6nlendirmek i\u00e7in bulut ortam\u0131nda \u00e7al\u0131\u015fan bir yapay zeka teknolojisidir. EyeCheckup, diyabetik retinopati ba\u015fta olmak \u00fczere ya\u015fa ba\u011fl\u0131 makula dejenerasyonu, glokom ve katarakt dahil olmak \u00fczere 20 farkl\u0131 hastal\u0131\u011f\u0131 tespit etmektedir.<\/p>\n\n\n\n<div style=\"height:20px\" aria-hidden=\"true\" class=\"wp-block-spacer\"><\/div>\n\n\n\n<div style=\"height:20px\" aria-hidden=\"true\" class=\"wp-block-spacer\"><\/div>\n<\/div>\n\n\n\n<div class=\"wp-block-column is-vertically-aligned-center is-layout-flow wp-block-column-is-layout-flow\" style=\"flex-basis:50%\">\n<figure class=\"wp-block-image size-large\"><img loading=\"lazy\" decoding=\"async\" width=\"1024\" height=\"1024\" src=\"https:\/\/www.eye-checkup.com\/wp-content\/uploads\/2023\/08\/EYE_CHECKUP_logoust_2642x2642-1024x1024.jpg\" alt=\"\" class=\"wp-image-4127\" srcset=\"https:\/\/www.eye-checkup.com\/wp-content\/uploads\/2023\/08\/EYE_CHECKUP_logoust_2642x2642-1024x1024.jpg 1024w, https:\/\/www.eye-checkup.com\/wp-content\/uploads\/2023\/08\/EYE_CHECKUP_logoust_2642x2642-300x300.jpg 300w, https:\/\/www.eye-checkup.com\/wp-content\/uploads\/2023\/08\/EYE_CHECKUP_logoust_2642x2642-150x150.jpg 150w, https:\/\/www.eye-checkup.com\/wp-content\/uploads\/2023\/08\/EYE_CHECKUP_logoust_2642x2642-768x768.jpg 768w, https:\/\/www.eye-checkup.com\/wp-content\/uploads\/2023\/08\/EYE_CHECKUP_logoust_2642x2642-1536x1536.jpg 1536w, https:\/\/www.eye-checkup.com\/wp-content\/uploads\/2023\/08\/EYE_CHECKUP_logoust_2642x2642-2048x2048.jpg 2048w\" sizes=\"auto, (max-width: 1024px) 100vw, 1024px\" \/><\/figure>\n<\/div>\n<\/div>\n<\/div>\n<\/div><\/div>\n\n\n\n<div class=\"wp-block-cover alignfull\" style=\"min-height:420px;aspect-ratio:unset;\"><span aria-hidden=\"true\" class=\"wp-block-cover__background has-ast-global-color-2-background-color has-background-dim-100 has-background-dim\"><\/span><div class=\"wp-block-cover__inner-container is-layout-flow wp-block-cover-is-layout-flow\">\n<div class=\"wp-block-columns has-border-color has-ast-global-color-6-border-color has-ast-global-color-0-color has-text-color is-layout-flex wp-container-core-columns-is-layout-28f84493 wp-block-columns-is-layout-flex\" style=\"border-width:2px;border-radius:50px\">\n<div class=\"wp-block-column is-vertically-aligned-center ticss-4ce656f1 has-ast-global-color-4-color has-text-color is-layout-flow wp-container-core-column-is-layout-52faf6cb wp-block-column-is-layout-flow\" style=\"border-top-style:none;border-top-width:0px;border-right-color:var(--wp--preset--color--ast-global-color-6);border-right-width:2px;border-bottom-style:none;border-bottom-width:0px;border-left-style:none;border-left-width:0px;padding-top:0;padding-right:var(--wp--preset--spacing--30);padding-bottom:0;padding-left:var(--wp--preset--spacing--30)\">\n<div style=\"height:24px\" aria-hidden=\"true\" class=\"wp-block-spacer\"><\/div>\n\n\n\n<h3 class=\"wp-block-heading has-text-align-center has-ast-global-color-4-color has-text-color has-medium-font-size\">Glokom<\/h3>\n\n\n\n<div style=\"height:20px\" aria-hidden=\"true\" class=\"wp-block-spacer\"><\/div>\n<\/div>\n\n\n\n<div class=\"wp-block-column is-vertically-aligned-center ticss-f6fc7494 has-ast-global-color-4-color has-text-color is-layout-flow wp-container-core-column-is-layout-52faf6cb wp-block-column-is-layout-flow\" style=\"border-top-style:none;border-top-width:0px;border-right-color:var(--wp--preset--color--ast-global-color-6);border-right-width:2px;border-bottom-style:none;border-bottom-width:0px;border-left-style:none;border-left-width:0px;padding-top:0;padding-right:var(--wp--preset--spacing--30);padding-bottom:0;padding-left:var(--wp--preset--spacing--30)\">\n<div style=\"height:24px\" aria-hidden=\"true\" class=\"wp-block-spacer\"><\/div>\n\n\n\n<h3 class=\"wp-block-heading has-text-align-center has-ast-global-color-4-color has-text-color has-medium-font-size\">Diyabetik Makula \u00f6demi<\/h3>\n\n\n\n<div style=\"height:20px\" aria-hidden=\"true\" class=\"wp-block-spacer\"><\/div>\n<\/div>\n\n\n\n<div class=\"wp-block-column is-vertically-aligned-center ticss-f6fc7494 has-ast-global-color-4-color has-text-color is-layout-flow wp-container-core-column-is-layout-52faf6cb wp-block-column-is-layout-flow\" style=\"border-top-style:none;border-top-width:0px;border-right-color:var(--wp--preset--color--ast-global-color-6);border-right-width:2px;border-bottom-style:none;border-bottom-width:0px;border-left-style:none;border-left-width:0px;padding-top:0;padding-right:var(--wp--preset--spacing--30);padding-bottom:0;padding-left:var(--wp--preset--spacing--30)\">\n<div style=\"height:24px\" aria-hidden=\"true\" class=\"wp-block-spacer\"><\/div>\n\n\n\n<h3 class=\"wp-block-heading has-text-align-center has-ast-global-color-4-color has-text-color has-medium-font-size\">Retinal ven okl\u00fczyonu<\/h3>\n\n\n\n<div style=\"height:20px\" aria-hidden=\"true\" class=\"wp-block-spacer\"><\/div>\n<\/div>\n\n\n\n<div class=\"wp-block-column is-vertically-aligned-center ticss-f6fc7494 has-ast-global-color-4-color has-text-color is-layout-flow wp-container-core-column-is-layout-52faf6cb wp-block-column-is-layout-flow\" style=\"border-top-style:none;border-top-width:0px;border-right-color:var(--wp--preset--color--ast-global-color-6);border-right-width:2px;border-bottom-style:none;border-bottom-width:0px;border-left-style:none;border-left-width:0px;padding-top:0;padding-right:var(--wp--preset--spacing--30);padding-bottom:0;padding-left:var(--wp--preset--spacing--30)\">\n<div style=\"height:24px\" aria-hidden=\"true\" class=\"wp-block-spacer\"><\/div>\n\n\n\n<h3 class=\"wp-block-heading has-text-align-center has-ast-global-color-4-color has-text-color has-medium-font-size\">Diyabetik Retinopati<\/h3>\n\n\n\n<div style=\"height:20px\" aria-hidden=\"true\" class=\"wp-block-spacer\"><\/div>\n<\/div>\n\n\n\n<div class=\"wp-block-column is-vertically-aligned-center ticss-a5b4df29 has-ast-global-color-4-color has-text-color is-layout-flow wp-container-core-column-is-layout-52faf6cb wp-block-column-is-layout-flow\" style=\"border-style:none;border-width:0px;padding-top:0;padding-right:var(--wp--preset--spacing--30);padding-bottom:0;padding-left:var(--wp--preset--spacing--30)\">\n<div style=\"height:24px\" aria-hidden=\"true\" class=\"wp-block-spacer\"><\/div>\n\n\n\n<h3 class=\"wp-block-heading has-text-align-center has-ast-global-color-4-color has-text-color has-medium-font-size\">Makula Dejenerasyonu<\/h3>\n\n\n\n<div style=\"height:20px\" aria-hidden=\"true\" class=\"wp-block-spacer\"><\/div>\n<\/div>\n<\/div>\n\n\n\n<div style=\"height:30px\" aria-hidden=\"true\" class=\"wp-block-spacer\"><\/div>\n<\/div><\/div>\n\n\n\n<div class=\"wp-block-cover alignfull\" style=\"min-height:600px;aspect-ratio:unset;\"><span aria-hidden=\"true\" class=\"wp-block-cover__background has-ast-global-color-3-background-color has-background-dim-100 has-background-dim\"><\/span><div class=\"wp-block-cover__inner-container is-layout-flow wp-block-cover-is-layout-flow\">\n<div class=\"inherit-container-width wp-block-group is-layout-constrained wp-block-group-is-layout-constrained\">\n<div class=\"wp-block-columns are-vertically-aligned-center is-layout-flex wp-container-core-columns-is-layout-28f84493 wp-block-columns-is-layout-flex\">\n<div class=\"wp-block-column is-vertically-aligned-center is-layout-flow wp-block-column-is-layout-flow\" style=\"flex-basis:50%\">\n<h2 class=\"wp-block-heading has-ast-global-color-8-color has-text-color\">EYECHECKUP M\u0130SYONU<\/h2>\n\n\n\n<p class=\"has-ast-global-color-4-color has-text-color\">Retina hastal\u0131klar\u0131 taramas\u0131 i\u00e7in yapay zeka teknolojisini kullanarak ve %80 \u00f6nlenebilir k\u00f6rl\u00fck ve g\u00f6rme kayb\u0131n\u0131 \u00f6nleyerek sa\u011fl\u0131k hizmetlerine yenilik getirmek.<\/p>\n\n\n\n<div style=\"height:20px\" aria-hidden=\"true\" class=\"wp-block-spacer\"><\/div>\n\n\n\n<div style=\"height:20px\" aria-hidden=\"true\" class=\"wp-block-spacer\"><\/div>\n<\/div>\n\n\n\n<div class=\"wp-block-column is-vertically-aligned-center is-layout-flow wp-block-column-is-layout-flow\" style=\"flex-basis:50%\">\n<figure class=\"wp-block-image size-full\"><img loading=\"lazy\" decoding=\"async\" width=\"591\" height=\"687\" src=\"https:\/\/test.eye-checkup.com\/wp-content\/uploads\/2023\/07\/about_eyecheckup_rim.webp\" alt=\"\" class=\"wp-image-2733\" srcset=\"https:\/\/www.eye-checkup.com\/wp-content\/uploads\/2023\/07\/about_eyecheckup_rim.webp 591w, https:\/\/www.eye-checkup.com\/wp-content\/uploads\/2023\/07\/about_eyecheckup_rim-258x300.webp 258w\" sizes=\"auto, (max-width: 591px) 100vw, 591px\" \/><\/figure>\n<\/div>\n<\/div>\n\n\n\n<div style=\"height:40px\" aria-hidden=\"true\" class=\"wp-block-spacer\"><\/div>\n<\/div>\n<\/div><\/div>\n\n\n\n<div class=\"wp-block-cover alignfull\" style=\"min-height:600px;aspect-ratio:unset;\"><span aria-hidden=\"true\" class=\"wp-block-cover__background has-ast-global-color-7-background-color has-background-dim-100 has-background-dim\"><\/span><div class=\"wp-block-cover__inner-container is-layout-flow wp-block-cover-is-layout-flow\">\n<div class=\"inherit-container-width wp-block-group is-layout-constrained wp-block-group-is-layout-constrained\">\n<div class=\"wp-block-columns are-vertically-aligned-center is-layout-flex wp-container-core-columns-is-layout-28f84493 wp-block-columns-is-layout-flex\">\n<div class=\"wp-block-column is-vertically-aligned-center has-ast-global-color-3-color has-text-color is-layout-flow wp-block-column-is-layout-flow\" style=\"flex-basis:50%\">\n<h2 class=\"wp-block-heading has-ast-global-color-8-color has-text-color\">EYECHECKUP V\u0130ZYONU<\/h2>\n\n\n\n<p class=\"has-ast-global-color-3-color has-text-color\">Sa\u011fl\u0131k sistemlerinde en yenilik\u00e7i yaz\u0131l\u0131mlar\u0131 \u00fcretmek ve bunlar\u0131 insanl\u0131\u011f\u0131n yarar\u0131na kullanmak.<\/p>\n\n\n\n<h6 class=\"wp-block-heading has-ast-global-color-3-color has-text-color\"><\/h6>\n\n\n\n<p class=\"has-ast-global-color-3-color has-text-color\">D\u00fcnya \u00e7ap\u0131nda y\u0131ll\u0131k g\u00f6z kontrol\u00fcne ihtiya\u00e7 duyan 1 milyardan fazla insan varken (sadece ABD&#8217;de 75 milyondan fazla), y\u00fcksek maliyet ve bu t\u00fcr taramaya eri\u015fim eksikli\u011fi nedeniyle %75&#8217;ten fazlas\u0131 taranamamaktad\u0131r.<\/p>\n\n\n\n<h6 class=\"wp-block-heading\"><\/h6>\n\n\n\n<p class=\"has-ast-global-color-3-color has-text-color\">EyeCheckup, hastanelerin g\u00f6z polikliniklerinde, \u00f6zel g\u00f6z muayenelerinde, sa\u011fl\u0131k ocaklar\u0131nda, halka a\u00e7\u0131k alanlarda kolayca ula\u015fabilece\u011finiz bir g\u00f6z tarama sistemidir. K\u00f6rl\u00fc\u011fe ve g\u00f6rme kayb\u0131na neden olan ilk 4 hastal\u0131\u011f\u0131 (diyabetik retinopati, glokom, ya\u015fa ba\u011fl\u0131 makula dejenerasyonu ve katarakt) tek bir muayenede tespit eder.<\/p>\n\n\n\n<p><\/p>\n\n\n\n<p><\/p>\n<\/div>\n\n\n\n<div class=\"wp-block-column is-vertically-aligned-center is-layout-flow wp-block-column-is-layout-flow\" style=\"flex-basis:50%\">\n<figure class=\"wp-block-image size-large\"><img loading=\"lazy\" decoding=\"async\" width=\"1024\" height=\"1024\" src=\"https:\/\/www.eye-checkup.com\/wp-content\/uploads\/2023\/08\/EYE_CHECKUP_logoust_2642x2642-1024x1024.jpg\" alt=\"\" class=\"wp-image-4127\" srcset=\"https:\/\/www.eye-checkup.com\/wp-content\/uploads\/2023\/08\/EYE_CHECKUP_logoust_2642x2642-1024x1024.jpg 1024w, https:\/\/www.eye-checkup.com\/wp-content\/uploads\/2023\/08\/EYE_CHECKUP_logoust_2642x2642-300x300.jpg 300w, https:\/\/www.eye-checkup.com\/wp-content\/uploads\/2023\/08\/EYE_CHECKUP_logoust_2642x2642-150x150.jpg 150w, https:\/\/www.eye-checkup.com\/wp-content\/uploads\/2023\/08\/EYE_CHECKUP_logoust_2642x2642-768x768.jpg 768w, https:\/\/www.eye-checkup.com\/wp-content\/uploads\/2023\/08\/EYE_CHECKUP_logoust_2642x2642-1536x1536.jpg 1536w, https:\/\/www.eye-checkup.com\/wp-content\/uploads\/2023\/08\/EYE_CHECKUP_logoust_2642x2642-2048x2048.jpg 2048w\" sizes=\"auto, (max-width: 1024px) 100vw, 1024px\" \/><\/figure>\n<\/div>\n<\/div>\n<\/div>\n<\/div><\/div>\n\n\n\n<div class=\"wp-block-cover alignfull\" style=\"min-height:600px;aspect-ratio:unset;\"><span aria-hidden=\"true\" class=\"wp-block-cover__background has-ast-global-color-3-background-color has-background-dim-100 has-background-dim\"><\/span><div class=\"wp-block-cover__inner-container is-layout-flow wp-block-cover-is-layout-flow\">\n<div class=\"inherit-container-width wp-block-group is-layout-constrained wp-block-group-is-layout-constrained\">\n<div class=\"wp-block-columns is-layout-flex wp-container-core-columns-is-layout-28f84493 wp-block-columns-is-layout-flex\">\n<div class=\"wp-block-column is-layout-flow wp-block-column-is-layout-flow\">\n<figure class=\"wp-block-image aligncenter size-full is-style-default\"><img loading=\"lazy\" decoding=\"async\" width=\"240\" height=\"274\" src=\"https:\/\/test.eye-checkup.com\/wp-content\/uploads\/2023\/07\/eyecheckup_rim_khazhin.webp\" alt=\"\" class=\"wp-image-2745\"\/><\/figure>\n\n\n\n<div style=\"height:24px\" aria-hidden=\"true\" class=\"wp-block-spacer\"><\/div>\n\n\n\n<h4 class=\"wp-block-heading has-text-align-center has-ast-global-color-4-color has-text-color\">RIM KHAZIN<\/h4>\n\n\n\n<p class=\"has-text-align-center has-ast-global-color-8-color has-text-color\">KURUCU<\/p>\n\n\n\n<ul class=\"wp-block-social-links aligncenter is-content-justification-center is-layout-flex wp-container-core-social-links-is-layout-a89b3969 wp-block-social-links-is-layout-flex\"><li class=\"wp-social-link wp-social-link-linkedin  wp-block-social-link\"><a href=\"https:\/\/www.linkedin.com\/in\/rim-khazhin\/\" class=\"wp-block-social-link-anchor\"><svg width=\"24\" height=\"24\" viewBox=\"0 0 24 24\" version=\"1.1\" xmlns=\"http:\/\/www.w3.org\/2000\/svg\" aria-hidden=\"true\" focusable=\"false\"><path d=\"M19.7,3H4.3C3.582,3,3,3.582,3,4.3v15.4C3,20.418,3.582,21,4.3,21h15.4c0.718,0,1.3-0.582,1.3-1.3V4.3 C21,3.582,20.418,3,19.7,3z M8.339,18.338H5.667v-8.59h2.672V18.338z M7.004,8.574c-0.857,0-1.549-0.694-1.549-1.548 c0-0.855,0.691-1.548,1.549-1.548c0.854,0,1.547,0.694,1.547,1.548C8.551,7.881,7.858,8.574,7.004,8.574z M18.339,18.338h-2.669 v-4.177c0-0.996-0.017-2.278-1.387-2.278c-1.389,0-1.601,1.086-1.601,2.206v4.249h-2.667v-8.59h2.559v1.174h0.037 c0.356-0.675,1.227-1.387,2.526-1.387c2.703,0,3.203,1.779,3.203,4.092V18.338z\"><\/path><\/svg><span class=\"wp-block-social-link-label screen-reader-text\">LinkedIn<\/span><\/a><\/li><\/ul>\n\n\n\n<div style=\"height:40px\" aria-hidden=\"true\" class=\"wp-block-spacer\"><\/div>\n<\/div>\n\n\n\n<div class=\"wp-block-column is-layout-flow wp-block-column-is-layout-flow\">\n<figure class=\"wp-block-image aligncenter size-full is-style-default\"><img loading=\"lazy\" decoding=\"async\" width=\"240\" height=\"274\" src=\"https:\/\/test.eye-checkup.com\/wp-content\/uploads\/2023\/07\/eyecheckup_burak.webp\" alt=\"\" class=\"wp-image-2746\"\/><\/figure>\n\n\n\n<div style=\"height:24px\" aria-hidden=\"true\" class=\"wp-block-spacer\"><\/div>\n\n\n\n<h4 class=\"wp-block-heading has-text-align-center has-ast-global-color-4-color has-text-color\">PROF. DR. A. BURAK B\u0130LG\u0130N<\/h4>\n\n\n\n<p class=\"has-text-align-center has-ast-global-color-8-color has-text-color\"><small>AKADEM\u0130K DANI\u015eMAN<\/small><\/p>\n\n\n\n<ul class=\"wp-block-social-links aligncenter is-content-justification-center is-layout-flex wp-container-core-social-links-is-layout-a89b3969 wp-block-social-links-is-layout-flex\"><li class=\"wp-social-link wp-social-link-linkedin  wp-block-social-link\"><a href=\"https:\/\/www.linkedin.com\/in\/ahmet-burak-bilgin-095537116\/\" class=\"wp-block-social-link-anchor\"><svg width=\"24\" height=\"24\" viewBox=\"0 0 24 24\" version=\"1.1\" xmlns=\"http:\/\/www.w3.org\/2000\/svg\" aria-hidden=\"true\" focusable=\"false\"><path d=\"M19.7,3H4.3C3.582,3,3,3.582,3,4.3v15.4C3,20.418,3.582,21,4.3,21h15.4c0.718,0,1.3-0.582,1.3-1.3V4.3 C21,3.582,20.418,3,19.7,3z M8.339,18.338H5.667v-8.59h2.672V18.338z M7.004,8.574c-0.857,0-1.549-0.694-1.549-1.548 c0-0.855,0.691-1.548,1.549-1.548c0.854,0,1.547,0.694,1.547,1.548C8.551,7.881,7.858,8.574,7.004,8.574z M18.339,18.338h-2.669 v-4.177c0-0.996-0.017-2.278-1.387-2.278c-1.389,0-1.601,1.086-1.601,2.206v4.249h-2.667v-8.59h2.559v1.174h0.037 c0.356-0.675,1.227-1.387,2.526-1.387c2.703,0,3.203,1.779,3.203,4.092V18.338z\"><\/path><\/svg><span class=\"wp-block-social-link-label screen-reader-text\">LinkedIn<\/span><\/a><\/li><\/ul>\n\n\n\n<div style=\"height:40px\" aria-hidden=\"true\" class=\"wp-block-spacer\"><\/div>\n<\/div>\n\n\n\n<div class=\"wp-block-column is-layout-flow wp-block-column-is-layout-flow\">\n<figure class=\"wp-block-image aligncenter size-full is-style-default\"><img loading=\"lazy\" decoding=\"async\" width=\"240\" height=\"274\" src=\"https:\/\/test.eye-checkup.com\/wp-content\/uploads\/2023\/07\/eyecheckup_dale.webp\" alt=\"\" class=\"wp-image-2747\"\/><\/figure>\n\n\n\n<div style=\"height:24px\" aria-hidden=\"true\" class=\"wp-block-spacer\"><\/div>\n\n\n\n<h4 class=\"wp-block-heading has-text-align-center has-ast-global-color-4-color has-text-color\">DALE BRODSKY<\/h4>\n\n\n\n<p class=\"has-text-align-center has-ast-global-color-8-color has-text-color\">SATI\u015e DANI\u015eMANI<\/p>\n\n\n\n<ul class=\"wp-block-social-links aligncenter is-content-justification-center is-layout-flex wp-container-core-social-links-is-layout-a89b3969 wp-block-social-links-is-layout-flex\"><li class=\"wp-social-link wp-social-link-linkedin  wp-block-social-link\"><a href=\"https:\/\/www.linkedin.com\/in\/fundusphoto\/\" class=\"wp-block-social-link-anchor\"><svg width=\"24\" height=\"24\" viewBox=\"0 0 24 24\" version=\"1.1\" xmlns=\"http:\/\/www.w3.org\/2000\/svg\" aria-hidden=\"true\" focusable=\"false\"><path d=\"M19.7,3H4.3C3.582,3,3,3.582,3,4.3v15.4C3,20.418,3.582,21,4.3,21h15.4c0.718,0,1.3-0.582,1.3-1.3V4.3 C21,3.582,20.418,3,19.7,3z M8.339,18.338H5.667v-8.59h2.672V18.338z M7.004,8.574c-0.857,0-1.549-0.694-1.549-1.548 c0-0.855,0.691-1.548,1.549-1.548c0.854,0,1.547,0.694,1.547,1.548C8.551,7.881,7.858,8.574,7.004,8.574z M18.339,18.338h-2.669 v-4.177c0-0.996-0.017-2.278-1.387-2.278c-1.389,0-1.601,1.086-1.601,2.206v4.249h-2.667v-8.59h2.559v1.174h0.037 c0.356-0.675,1.227-1.387,2.526-1.387c2.703,0,3.203,1.779,3.203,4.092V18.338z\"><\/path><\/svg><span class=\"wp-block-social-link-label screen-reader-text\">LinkedIn<\/span><\/a><\/li><\/ul>\n\n\n\n<div style=\"height:40px\" aria-hidden=\"true\" class=\"wp-block-spacer\"><\/div>\n<\/div>\n<\/div>\n\n\n\n<div style=\"height:40px\" aria-hidden=\"true\" class=\"wp-block-spacer\"><\/div>\n<\/div>\n<\/div><\/div>\n","protected":false},"excerpt":{"rendered":"","protected":false},"author":1,"featured_media":0,"parent":0,"menu_order":0,"comment_status":"closed","ping_status":"closed","template":"","meta":{"site-sidebar-layout":"default","site-content-layout":"","ast-site-content-layout":"","site-content-style":"default","site-sidebar-style":"default","ast-global-header-display":"","ast-banner-title-visibility":"","ast-main-header-display":"","ast-hfb-above-header-display":"","ast-hfb-below-header-display":"","ast-hfb-mobile-header-display":"","site-post-title":"disabled","ast-breadcrumbs-content":"","ast-featured-img":"","footer-sml-layout":"","theme-transparent-header-meta":"","adv-header-id-meta":"","stick-header-meta":"","header-above-stick-meta":"","header-main-stick-meta":"","header-below-stick-meta":"","astra-migrate-meta-layouts":"","footnotes":""},"class_list":["post-2869","page","type-page","status-publish","hentry"],"_links":{"self":[{"href":"https:\/\/www.eye-checkup.com\/tr\/wp-json\/wp\/v2\/pages\/2869","targetHints":{"allow":["GET"]}}],"collection":[{"href":"https:\/\/www.eye-checkup.com\/tr\/wp-json\/wp\/v2\/pages"}],"about":[{"href":"https:\/\/www.eye-checkup.com\/tr\/wp-json\/wp\/v2\/types\/page"}],"author":[{"embeddable":true,"href":"https:\/\/www.eye-checkup.com\/tr\/wp-json\/wp\/v2\/users\/1"}],"replies":[{"embeddable":true,"href":"https:\/\/www.eye-checkup.com\/tr\/wp-json\/wp\/v2\/comments?post=2869"}],"version-history":[{"count":11,"href":"https:\/\/www.eye-checkup.com\/tr\/wp-json\/wp\/v2\/pages\/2869\/revisions"}],"predecessor-version":[{"id":4324,"href":"https:\/\/www.eye-checkup.com\/tr\/wp-json\/wp\/v2\/pages\/2869\/revisions\/4324"}],"wp:attachment":[{"href":"https:\/\/www.eye-checkup.com\/tr\/wp-json\/wp\/v2\/media?parent=2869"}],"curies":[{"name":"wp","href":"https:\/\/api.w.org\/{rel}","templated":true}]}}